{"id":6,"date":"2020-06-22T11:01:31","date_gmt":"2020-06-22T09:01:31","guid":{"rendered":"https:\/\/knietronic.net\/?page_id=6"},"modified":"2022-10-25T15:11:42","modified_gmt":"2022-10-25T13:11:42","slug":"impressum","status":"publish","type":"page","link":"https:\/\/knietronic.net\/index.php\/impressum\/","title":{"rendered":"Impressum"},"content":{"rendered":"\n<h1 class=\"wp-block-heading\">Impressum<\/h1>\n\n\n\n<p><strong>Informationspflicht laut \u00a7 5 TMG<\/strong><\/p>\n\n\n\n<p>David Schulze<br>Buchwaldstra\u00dfe 8 F<br>15890 Eisenh\u00fcttenstadt<br>Deutschland<\/p>\n\n\n\n<p><strong>Vertreten durch:<\/strong><br>David Schulze<\/p>\n\n\n\n<p><strong>Kontakt:<\/strong><br><strong>Tel.:<\/strong> +49 (0) 171 5382168<br><strong>E-Mail:<\/strong> <a href=\"mailto:david.schulze@knietronic.net\">david.schulze@knietronic.net<\/a><\/p>\n\n\n\n<p><\/p>\n\n\n\n<p><strong>Umsatzsteuer-ID<\/strong><\/p>\n\n\n\n<p>Umsatzsteuer-Identifikationsnummer gem\u00e4\u00df \u00a7 27 a Umsatzsteuergesetz: DE332421714<\/p>\n\n\n\n<p><\/p>\n\n\n\n<h2 class=\"wp-block-heading\" id=\"haftung-fuer-inhalte-dieser-webseite\">EU-Streitschlichtung<\/h2>\n\n\n\n<p>Online-Streitbeilegung gem\u00e4\u00df Art. 14 Abs. 1 ODR-VO: Die Europ\u00e4ische Kommission stellt eine Plattform zur Online-Streitbeilegung (OS) bereit, die Sie unter <a href=\"https:\/\/ec.europa.eu\/consumers\/odr\/\">https:\/\/ec.europa.eu\/consumers\/odr\/<\/a>&nbsp;finden.<\/p>\n\n\n\n<h2 class=\"wp-block-heading\" id=\"haftung-fuer-inhalte-dieser-webseite\">Haftung f\u00fcr Inhalte dieser Webseite<\/h2>\n\n\n\n<p>Die Inhalte dieses Internetauftritts sind nach bestem Gewissen erstellt. F\u00fcr die Richtigkeit, Vollst\u00e4ndigkeit und Aktualit\u00e4t der Inhalte kann jedoch keine Gew\u00e4hr \u00fcbernommen werden. Als Diensteanbieter bin ich gem\u00e4\u00df \u00a7 7 Abs.1 TMG f\u00fcr eigene Inhalte auf diesen Seiten nach den allgemeinen Gesetzen verantwortlich. Nach \u00a7 8 TMG bis \u00a710 TMG bin ich als Diensteanbieter jedoch nicht verpflichtet, \u00fcbermittelte oder gespeicherte Informationen zu \u00fcberwachen oder nach Umst\u00e4nden zu forschen, die auf eine rechtswidrige T\u00e4tigkeit hinweisen. Verpflichtungen zur Entfernung oder Sperrung der Nutzung von Informationen nach den allgemeinen Gesetzen bleiben hiervon unber\u00fchrt.<\/p>\n\n\n\n<p>Eine diesbez\u00fcgliche Haftung ist jedoch erst ab dem Zeitpunkt der Kenntniserlangung einer konkreten Rechtsverletzung m\u00f6glich. Bei Bekanntwerden von den o.g. Rechtsverletzungen werden wir diese Inhalte unverz\u00fcglich entfernen.<\/p>\n\n\n\n<h2 class=\"wp-block-heading\" id=\"urheberrechtshinweis\">Urheberrechtshinweis<\/h2>\n\n\n\n<p>Alle Inhalte dieser Webseite (Bilder, Fotos, Texte, Videos) unterliegen dem Urheberrecht. Falls notwendig, werde ich die unerlaubte Nutzung von Teilen der Inhalte dieser Seite rechtlich verfolgen.<\/p>\n\n\n\n<p>Sollten Sie auf dieser Webseite Inhalte finden, die das Urheberrecht verletzen, bitte ich Sie mich zu kontaktieren.<\/p>\n\n\n\n<h2 class=\"wp-block-heading\" id=\"bildernachweis\">Bildernachweis<\/h2>\n\n\n\n<p>Die Bilder, Fotos und Grafiken auf dieser Webseite sind urheberrechtlich gesch\u00fctzt.<\/p>\n\n\n\n<h2 class=\"wp-block-heading\">Rechte laut Datenschutzgrundverordnung<\/h2>\n\n\n\n<ul class=\"wp-block-list\"><li>Artikel 16 DSGVO &#8211; Recht auf Berichtigung<\/li><li>Artikel 17 DSGVO &#8211; Recht auf L\u00f6schung (\u201eRecht auf Vergessenwerden\u201c)<\/li><li>Artikel 18 DSGVO- Recht auf Einschr\u00e4nkung der Verarbeitung<\/li><li>Artikel 19 DSGVO &#8211; Mitteilungspflicht im Zusammenhang mit der Berichtigung oder L\u00f6schung personenbezogener Daten oder der Einschr\u00e4nkung der Verarbeitung <\/li><li>Artikel 20 DSGVO &#8211; Recht auf Daten\u00fcbertragbarkeit<\/li><li>Artikel 21 DSGVO &#8211; Widerspruchsrecht<\/li><li>Artikel 22 DSGVO &#8211; Automatisierte Entscheidungen im Einzelfall einschlie\u00dflich Profiling<\/li><\/ul>\n\n\n\n<h2 class=\"wp-block-heading\" id=\"tls-verschluesselung-https\">TLS-Verschl\u00fcsselung (https)<\/h2>\n\n\n\n<p>Diese Seite nutzt aus Sicherheitsgr\u00fcnden und zum Schutz der \u00dcbertragung vertraulicher Inhalte, wie zum Beispiel Bestellungen oder Anfragen, die Sie an uns als Seitenbetreiber senden, eine SSL-bzw. TLS-Verschl\u00fcsselung.<\/p>\n\n\n\n<h2 class=\"wp-block-heading\" id=\"google-maps-datenschutzerklaerung\">Google Maps Datenschutzerkl\u00e4rung<\/h2>\n\n\n\n<p>Wir ben\u00fctzen auf unserer Website Google Maps der Firma Google Inc. F\u00fcr den europ\u00e4ischen Raum ist das Unternehmen Google Ireland Limited (Gordon House, Barrow Street Dublin 4, Irland) f\u00fcr alle Google-Dienste verantwortlich. Mit Google Maps k\u00f6nnen wir Ihnen Standorte besser zeigen und damit unser Service an Ihre Bed\u00fcrfnisse anpassen. Durch die Verwendung von Google Maps werden Daten an Google \u00fcbertragen und auf den Google-Servern gespeichert. Hier wollen wir nun genauer darauf eingehen, was Google Maps ist, warum wir diesen Google-Dienst in Anspruch nehmen, welche Daten gespeichert werden und wie Sie dies unterbinden k\u00f6nnen.<\/p>\n","protected":false},"excerpt":{"rendered":"<p>Impressum Informationspflicht laut \u00a7 5 TMG David SchulzeBuchwaldstra\u00dfe 8 F15890 Eisenh\u00fcttenstadtDeutschland Vertreten durch:David Schulze Kontakt:Tel.: +49 (0) 171 5382168E-Mail: david.schulze@knietronic.net Umsatzsteuer-ID Umsatzsteuer-Identifikationsnummer gem\u00e4\u00df \u00a7 27 a Umsatzsteuergesetz: DE332421714 EU-Streitschlichtung Online-Streitbeilegung gem\u00e4\u00df Art. 14 Abs. 1 ODR-VO: Die Europ\u00e4ische Kommission stellt eine Plattform zur Online-Streitbeilegung (OS) bereit, die Sie unter https:\/\/ec.europa.eu\/consumers\/odr\/&nbsp;finden. Haftung f\u00fcr Inhalte dieser Webseite [&hellip;]<\/p>\n","protected":false},"author":1,"featured_media":0,"parent":0,"menu_order":9,"comment_status":"closed","ping_status":"closed","template":"","meta":{"footnotes":""},"class_list":["post-6","page","type-page","status-publish","hentry"],"_links":{"self":[{"href":"https:\/\/knietronic.net\/index.php\/wp-json\/wp\/v2\/pages\/6","targetHints":{"allow":["GET"]}}],"collection":[{"href":"https:\/\/knietronic.net\/index.php\/wp-json\/wp\/v2\/pages"}],"about":[{"href":"https:\/\/knietronic.net\/index.php\/wp-json\/wp\/v2\/types\/page"}],"author":[{"embeddable":true,"href":"https:\/\/knietronic.net\/index.php\/wp-json\/wp\/v2\/users\/1"}],"replies":[{"embeddable":true,"href":"https:\/\/knietronic.net\/index.php\/wp-json\/wp\/v2\/comments?post=6"}],"version-history":[{"count":18,"href":"https:\/\/knietronic.net\/index.php\/wp-json\/wp\/v2\/pages\/6\/revisions"}],"predecessor-version":[{"id":206,"href":"https:\/\/knietronic.net\/index.php\/wp-json\/wp\/v2\/pages\/6\/revisions\/206"}],"wp:attachment":[{"href":"https:\/\/knietronic.net\/index.php\/wp-json\/wp\/v2\/media?parent=6"}],"curies":[{"name":"wp","href":"https:\/\/api.w.org\/{rel}","templated":true}]}}