{"id":227,"date":"2021-01-11T21:57:52","date_gmt":"2021-01-11T20:57:52","guid":{"rendered":"https:\/\/knietronic.net\/?page_id=227"},"modified":"2023-03-02T19:23:04","modified_gmt":"2023-03-02T18:23:04","slug":"partner","status":"publish","type":"page","link":"https:\/\/knietronic.net\/index.php\/partner\/","title":{"rendered":"Partner"},"content":{"rendered":"\t\t<div data-elementor-type=\"wp-page\" data-elementor-id=\"227\" class=\"elementor elementor-227\">\n\t\t\t\t\t\t<section class=\"elementor-section elementor-top-section elementor-element elementor-element-30f9a27 elementor-section-boxed elementor-section-height-default elementor-section-height-default\" data-id=\"30f9a27\" data-element_type=\"section\">\n\t\t\t\t\t\t<div class=\"elementor-container elementor-column-gap-default\">\n\t\t\t\t\t<div class=\"elementor-column elementor-col-100 elementor-top-column elementor-element elementor-element-33ecdf1\" data-id=\"33ecdf1\" data-element_type=\"column\">\n\t\t\t<div class=\"elementor-widget-wrap elementor-element-populated\">\n\t\t\t\t\t\t<section class=\"elementor-section elementor-inner-section elementor-element elementor-element-3d8bf68 elementor-section-boxed elementor-section-height-default elementor-section-height-default\" data-id=\"3d8bf68\" data-element_type=\"section\">\n\t\t\t\t\t\t<div class=\"elementor-container elementor-column-gap-default\">\n\t\t\t\t\t<div class=\"elementor-column elementor-col-50 elementor-inner-column elementor-element elementor-element-7f58b7d\" data-id=\"7f58b7d\" data-element_type=\"column\">\n\t\t\t<div class=\"elementor-widget-wrap elementor-element-populated\">\n\t\t\t\t\t\t<div class=\"elementor-element elementor-element-a0043a2 elementor-widget elementor-widget-image\" data-id=\"a0043a2\" data-element_type=\"widget\" data-widget_type=\"image.default\">\n\t\t\t\t<div class=\"elementor-widget-container\">\n\t\t\t\t\t\t\t\t\t\t\t\t\t\t\t\t<a href=\"https:\/\/www.mmoga.de\/?ref=46433&#038;Partner=knie1988\">\n\t\t\t\t\t\t\t<img fetchpriority=\"high\" decoding=\"async\" width=\"320\" height=\"180\" src=\"https:\/\/knietronic.net\/wp-content\/uploads\/2021\/01\/MMOGA_Twitch-ad_blanko_v02_320x180.png\" class=\"attachment-large size-large wp-image-229\" alt=\"\" srcset=\"https:\/\/knietronic.net\/wp-content\/uploads\/2021\/01\/MMOGA_Twitch-ad_blanko_v02_320x180.png 320w, https:\/\/knietronic.net\/wp-content\/uploads\/2021\/01\/MMOGA_Twitch-ad_blanko_v02_320x180-300x169.png 300w\" sizes=\"(max-width: 320px) 100vw, 320px\" \/>\t\t\t\t\t\t\t\t<\/a>\n\t\t\t\t\t\t\t\t\t\t\t\t\t\t\t<\/div>\n\t\t\t\t<\/div>\n\t\t\t\t\t<\/div>\n\t\t<\/div>\n\t\t\t\t<div class=\"elementor-column elementor-col-50 elementor-inner-column elementor-element elementor-element-f7b9df5\" data-id=\"f7b9df5\" data-element_type=\"column\">\n\t\t\t<div class=\"elementor-widget-wrap elementor-element-populated\">\n\t\t\t\t\t\t<div class=\"elementor-element elementor-element-77f4820 elementor-absolute elementor-widget elementor-widget-text-editor\" data-id=\"77f4820\" data-element_type=\"widget\" data-settings=\"{&quot;_position&quot;:&quot;absolute&quot;}\" data-widget_type=\"text-editor.default\">\n\t\t\t\t<div class=\"elementor-widget-container\">\n\t\t\t\t\t\t\t\t\t<p>MMOGA war einer der ersten professionellen Anbieter f\u00fcr die Vermittlung von Game Services auf dem deutschen Markt. Wir haben mehr als 12 Jahre Erfahrung und geben diese gerne an unsere Kunden weiter.<\/p><p>Eine gro\u00dfe Auswahl unserer zuverl\u00e4ssigen Verk\u00e4ufer im Bereich Games, Onlinespiele, virtuelle W\u00e4hrungen, Gamecards, Guthabenkarten und vieles mehr im Gaming-Bereich finden Sie stets zu fairen Preisen auf unserer MMOGA Plattform!<\/p>\t\t\t\t\t\t\t\t<\/div>\n\t\t\t\t<\/div>\n\t\t\t\t\t<\/div>\n\t\t<\/div>\n\t\t\t\t\t<\/div>\n\t\t<\/section>\n\t\t\t\t<div class=\"elementor-element elementor-element-ae115a1 elementor-widget-divider--view-line elementor-widget elementor-widget-divider\" data-id=\"ae115a1\" data-element_type=\"widget\" data-widget_type=\"divider.default\">\n\t\t\t\t<div class=\"elementor-widget-container\">\n\t\t\t\t\t\t\t<div class=\"elementor-divider\">\n\t\t\t<span class=\"elementor-divider-separator\">\n\t\t\t\t\t\t<\/span>\n\t\t<\/div>\n\t\t\t\t\t\t<\/div>\n\t\t\t\t<\/div>\n\t\t\t\t<section class=\"elementor-section elementor-inner-section elementor-element elementor-element-681b09a elementor-section-boxed elementor-section-height-default elementor-section-height-default\" data-id=\"681b09a\" data-element_type=\"section\">\n\t\t\t\t\t\t<div class=\"elementor-container elementor-column-gap-default\">\n\t\t\t\t\t<div class=\"elementor-column elementor-col-50 elementor-inner-column elementor-element elementor-element-0ac0eb2\" data-id=\"0ac0eb2\" data-element_type=\"column\">\n\t\t\t<div class=\"elementor-widget-wrap elementor-element-populated\">\n\t\t\t\t\t\t<div class=\"elementor-element elementor-element-6775b14 elementor-widget elementor-widget-image\" data-id=\"6775b14\" data-element_type=\"widget\" data-widget_type=\"image.default\">\n\t\t\t\t<div class=\"elementor-widget-container\">\n\t\t\t\t\t\t\t\t\t\t\t\t\t\t\t\t<a href=\"https:\/\/www.razer.com\/de-de\">\n\t\t\t\t\t\t\t<img decoding=\"async\" width=\"500\" height=\"166\" src=\"https:\/\/knietronic.net\/wp-content\/uploads\/2021\/01\/Razer.png\" class=\"attachment-large size-large wp-image-245\" alt=\"\" srcset=\"https:\/\/knietronic.net\/wp-content\/uploads\/2021\/01\/Razer.png 500w, https:\/\/knietronic.net\/wp-content\/uploads\/2021\/01\/Razer-300x100.png 300w\" sizes=\"(max-width: 500px) 100vw, 500px\" \/>\t\t\t\t\t\t\t\t<\/a>\n\t\t\t\t\t\t\t\t\t\t\t\t\t\t\t<\/div>\n\t\t\t\t<\/div>\n\t\t\t\t<div class=\"elementor-element elementor-element-0caaa6a elementor-widget elementor-widget-text-editor\" data-id=\"0caaa6a\" data-element_type=\"widget\" data-widget_type=\"text-editor.default\">\n\t\t\t\t<div class=\"elementor-widget-container\">\n\t\t\t\t\t\t\t\t\t<p style=\"text-align: center;\"><span style=\"color: #000000;\">#RazerStreamer<\/span><\/p>\t\t\t\t\t\t\t\t<\/div>\n\t\t\t\t<\/div>\n\t\t\t\t\t<\/div>\n\t\t<\/div>\n\t\t\t\t<div class=\"elementor-column elementor-col-50 elementor-inner-column elementor-element elementor-element-db2c642\" data-id=\"db2c642\" data-element_type=\"column\">\n\t\t\t<div class=\"elementor-widget-wrap elementor-element-populated\">\n\t\t\t\t\t\t<div class=\"elementor-element elementor-element-2e2ef72 elementor-absolute elementor-widget elementor-widget-text-editor\" data-id=\"2e2ef72\" data-element_type=\"widget\" data-settings=\"{&quot;_position&quot;:&quot;absolute&quot;}\" data-widget_type=\"text-editor.default\">\n\t\t\t\t<div class=\"elementor-widget-container\">\n\t\t\t\t\t\t\t\t\t<p>Razer\u2122 ist die weltweit f\u00fchrende Lifestyle-Brand f\u00fcr Gamer.<\/p><p>Gegr\u00fcndet im Jahr 2005 mit zwei Hauptsitzen in Kalifornien und Singapur, hat Razer weltweit 17 B\u00fcros und gilt als f\u00fchrende Marke f\u00fcr Gamer in den USA, Europa und China.<\/p>\t\t\t\t\t\t\t\t<\/div>\n\t\t\t\t<\/div>\n\t\t\t\t\t<\/div>\n\t\t<\/div>\n\t\t\t\t\t<\/div>\n\t\t<\/section>\n\t\t\t\t<div class=\"elementor-element elementor-element-1cae73b elementor-widget-divider--view-line elementor-widget elementor-widget-divider\" data-id=\"1cae73b\" data-element_type=\"widget\" data-widget_type=\"divider.default\">\n\t\t\t\t<div class=\"elementor-widget-container\">\n\t\t\t\t\t\t\t<div class=\"elementor-divider\">\n\t\t\t<span class=\"elementor-divider-separator\">\n\t\t\t\t\t\t<\/span>\n\t\t<\/div>\n\t\t\t\t\t\t<\/div>\n\t\t\t\t<\/div>\n\t\t\t\t<section class=\"elementor-section elementor-inner-section elementor-element elementor-element-e5a4a2a elementor-section-boxed elementor-section-height-default elementor-section-height-default\" data-id=\"e5a4a2a\" data-element_type=\"section\">\n\t\t\t\t\t\t<div class=\"elementor-container elementor-column-gap-default\">\n\t\t\t\t\t<div class=\"elementor-column elementor-col-50 elementor-inner-column elementor-element elementor-element-920963f\" data-id=\"920963f\" data-element_type=\"column\">\n\t\t\t<div class=\"elementor-widget-wrap elementor-element-populated\">\n\t\t\t\t\t\t<div class=\"elementor-element elementor-element-dab7c80 elementor-widget elementor-widget-image\" data-id=\"dab7c80\" data-element_type=\"widget\" data-widget_type=\"image.default\">\n\t\t\t\t<div class=\"elementor-widget-container\">\n\t\t\t\t\t\t\t\t\t\t\t\t\t\t\t\t<a href=\"https:\/\/contentforge.de\/#\/\">\n\t\t\t\t\t\t\t<img decoding=\"async\" width=\"768\" height=\"768\" src=\"https:\/\/knietronic.net\/wp-content\/uploads\/2021\/10\/contentforge_2021-768x768.png\" class=\"attachment-medium_large size-medium_large wp-image-284\" alt=\"contentforge\" srcset=\"https:\/\/knietronic.net\/wp-content\/uploads\/2021\/10\/contentforge_2021-768x768.png 768w, https:\/\/knietronic.net\/wp-content\/uploads\/2021\/10\/contentforge_2021-300x300.png 300w, https:\/\/knietronic.net\/wp-content\/uploads\/2021\/10\/contentforge_2021-1024x1024.png 1024w, https:\/\/knietronic.net\/wp-content\/uploads\/2021\/10\/contentforge_2021-150x150.png 150w, https:\/\/knietronic.net\/wp-content\/uploads\/2021\/10\/contentforge_2021-1536x1536.png 1536w, https:\/\/knietronic.net\/wp-content\/uploads\/2021\/10\/contentforge_2021-2048x2048.png 2048w\" sizes=\"(max-width: 768px) 100vw, 768px\" \/>\t\t\t\t\t\t\t\t<\/a>\n\t\t\t\t\t\t\t\t\t\t\t\t\t\t\t<\/div>\n\t\t\t\t<\/div>\n\t\t\t\t\t<\/div>\n\t\t<\/div>\n\t\t\t\t<div class=\"elementor-column elementor-col-50 elementor-inner-column elementor-element elementor-element-99d5b3f\" data-id=\"99d5b3f\" data-element_type=\"column\">\n\t\t\t<div class=\"elementor-widget-wrap elementor-element-populated\">\n\t\t\t\t\t\t<div class=\"elementor-element elementor-element-9fa0a07 elementor-absolute elementor-widget elementor-widget-text-editor\" data-id=\"9fa0a07\" data-element_type=\"widget\" data-settings=\"{&quot;_position&quot;:&quot;absolute&quot;}\" data-widget_type=\"text-editor.default\">\n\t\t\t\t<div class=\"elementor-widget-container\">\n\t\t\t\t\t\t\t\t\t<div class=\"elementor-element elementor-element-59574be elementor-widget elementor-widget-text-editor\" data-id=\"59574be\" data-element_type=\"widget\" data-widget_type=\"text-editor.default\"><div class=\"elementor-widget-container\"><div class=\"elementor-text-editor elementor-clearfix\"><p>Wir sind ein <span style=\"color: #adff2f;\"><strong>freies Netzwerk<\/strong><\/span> f\u00fcr dich als <span style=\"color: #a970ff;\"><strong>Streamer<\/strong> <\/span>oder <span style=\"color: #cc0000;\"><strong>YouTuber<\/strong><\/span>. Der Beitritt ist einfach &amp; kostenlos\u00a0und du bist an keinerlei Vertr\u00e4ge gebunden. Wir unterst\u00fctzen dich bei deinem Hobby:\u00a0YouTuber\/Streamer<\/p><p>Wir bringen dich mit rund 45 anderen Leuten zusammen die dieses Hobby mit dir teilen.\u00a0Tauscht euch aus, erhaltet von uns Sponsorings mit Firmen und erhaltet individuelle Hilfe von unserem\u00a0Team, das aus erfahrenen Personen besteht, die schon jahrelang Erfahrung mit YouTube und Twitch gesammelt haben.<\/p><\/div><\/div><\/div>\t\t\t\t\t\t\t\t<\/div>\n\t\t\t\t<\/div>\n\t\t\t\t\t<\/div>\n\t\t<\/div>\n\t\t\t\t\t<\/div>\n\t\t<\/section>\n\t\t\t\t<div class=\"elementor-element elementor-element-89be5a0 elementor-widget-divider--view-line elementor-widget elementor-widget-divider\" data-id=\"89be5a0\" data-element_type=\"widget\" data-widget_type=\"divider.default\">\n\t\t\t\t<div class=\"elementor-widget-container\">\n\t\t\t\t\t\t\t<div class=\"elementor-divider\">\n\t\t\t<span class=\"elementor-divider-separator\">\n\t\t\t\t\t\t<\/span>\n\t\t<\/div>\n\t\t\t\t\t\t<\/div>\n\t\t\t\t<\/div>\n\t\t\t\t<section class=\"elementor-section elementor-inner-section elementor-element elementor-element-d053c2d elementor-section-boxed elementor-section-height-default elementor-section-height-default\" data-id=\"d053c2d\" data-element_type=\"section\">\n\t\t\t\t\t\t<div class=\"elementor-container elementor-column-gap-default\">\n\t\t\t\t\t<div class=\"elementor-column elementor-col-50 elementor-inner-column elementor-element elementor-element-62c5d3f\" data-id=\"62c5d3f\" data-element_type=\"column\">\n\t\t\t<div class=\"elementor-widget-wrap elementor-element-populated\">\n\t\t\t\t\t\t<div class=\"elementor-element elementor-element-207ca45 elementor-widget elementor-widget-image\" data-id=\"207ca45\" data-element_type=\"widget\" data-widget_type=\"image.default\">\n\t\t\t\t<div class=\"elementor-widget-container\">\n\t\t\t\t\t\t\t\t\t\t\t\t\t\t\t\t<a href=\"https:\/\/education.dellemc.com\">\n\t\t\t\t\t\t\t<img loading=\"lazy\" decoding=\"async\" width=\"500\" height=\"499\" src=\"https:\/\/knietronic.net\/wp-content\/uploads\/2022\/06\/dell-emc-logo.jpg\" class=\"attachment-medium_large size-medium_large wp-image-296\" alt=\"\" srcset=\"https:\/\/knietronic.net\/wp-content\/uploads\/2022\/06\/dell-emc-logo.jpg 500w, https:\/\/knietronic.net\/wp-content\/uploads\/2022\/06\/dell-emc-logo-300x300.jpg 300w, https:\/\/knietronic.net\/wp-content\/uploads\/2022\/06\/dell-emc-logo-150x150.jpg 150w\" sizes=\"(max-width: 500px) 100vw, 500px\" \/>\t\t\t\t\t\t\t\t<\/a>\n\t\t\t\t\t\t\t\t\t\t\t\t\t\t\t<\/div>\n\t\t\t\t<\/div>\n\t\t\t\t\t<\/div>\n\t\t<\/div>\n\t\t\t\t<div class=\"elementor-column elementor-col-50 elementor-inner-column elementor-element elementor-element-bfc1e3b\" data-id=\"bfc1e3b\" data-element_type=\"column\">\n\t\t\t<div class=\"elementor-widget-wrap elementor-element-populated\">\n\t\t\t\t\t\t<div class=\"elementor-element elementor-element-f38c665 elementor-absolute elementor-widget elementor-widget-text-editor\" data-id=\"f38c665\" data-element_type=\"widget\" data-settings=\"{&quot;_position&quot;:&quot;absolute&quot;}\" data-widget_type=\"text-editor.default\">\n\t\t\t\t<div class=\"elementor-widget-container\">\n\t\t\t\t\t\t\t\t\t<div data-id=\"59574be\" data-element_type=\"widget\" data-widget_type=\"text-editor.default\"><div><span style=\"color: #808080;\"><span style=\"color: #00ccff;\"><strong>Dell<\/strong><\/span> Learning Hub is a flexible, online platform with an extensive library of technical training options across the <span style=\"color: #00ccff;\"><strong>Dell <\/strong><\/span>Education Services portfolio.<\/span><\/div><\/div>\t\t\t\t\t\t\t\t<\/div>\n\t\t\t\t<\/div>\n\t\t\t\t\t<\/div>\n\t\t<\/div>\n\t\t\t\t\t<\/div>\n\t\t<\/section>\n\t\t\t\t\t<\/div>\n\t\t<\/div>\n\t\t\t\t\t<\/div>\n\t\t<\/section>\n\t\t\t\t<\/div>\n\t\t","protected":false},"excerpt":{"rendered":"<p>MMOGA war einer der ersten professionellen Anbieter f\u00fcr die Vermittlung von Game Services auf dem deutschen Markt. Wir haben mehr als 12 Jahre Erfahrung und geben diese gerne an unsere Kunden weiter. Eine gro\u00dfe Auswahl unserer zuverl\u00e4ssigen Verk\u00e4ufer im Bereich Games, Onlinespiele, virtuelle W\u00e4hrungen, Gamecards, Guthabenkarten und vieles mehr im Gaming-Bereich finden Sie stets zu [&hellip;]<\/p>\n","protected":false},"author":1,"featured_media":0,"parent":0,"menu_order":5,"comment_status":"closed","ping_status":"closed","template":"","meta":{"footnotes":""},"class_list":["post-227","page","type-page","status-publish","hentry"],"_links":{"self":[{"href":"https:\/\/knietronic.net\/index.php\/wp-json\/wp\/v2\/pages\/227","targetHints":{"allow":["GET"]}}],"collection":[{"href":"https:\/\/knietronic.net\/index.php\/wp-json\/wp\/v2\/pages"}],"about":[{"href":"https:\/\/knietronic.net\/index.php\/wp-json\/wp\/v2\/types\/page"}],"author":[{"embeddable":true,"href":"https:\/\/knietronic.net\/index.php\/wp-json\/wp\/v2\/users\/1"}],"replies":[{"embeddable":true,"href":"https:\/\/knietronic.net\/index.php\/wp-json\/wp\/v2\/comments?post=227"}],"version-history":[{"count":51,"href":"https:\/\/knietronic.net\/index.php\/wp-json\/wp\/v2\/pages\/227\/revisions"}],"predecessor-version":[{"id":396,"href":"https:\/\/knietronic.net\/index.php\/wp-json\/wp\/v2\/pages\/227\/revisions\/396"}],"wp:attachment":[{"href":"https:\/\/knietronic.net\/index.php\/wp-json\/wp\/v2\/media?parent=227"}],"curies":[{"name":"wp","href":"https:\/\/api.w.org\/{rel}","templated":true}]}}